{"id":1140,"date":"2015-03-02T19:15:10","date_gmt":"2015-03-02T18:15:10","guid":{"rendered":"http:\/\/sunseapetanque.com\/?page_id=1140"},"modified":"2015-03-02T19:16:28","modified_gmt":"2015-03-02T18:16:28","slug":"conditions-generales-de-ventes","status":"publish","type":"page","link":"https:\/\/sunseapetanque.com\/?page_id=1140","title":{"rendered":"CONDITIONS G\u00c9N\u00c9RALES DE VENTES"},"content":{"rendered":"<p>Les pr\u00e9sentes conditions de vente sont conclues d\u2019une part par la soci\u00e9t\u00e9\u00a0<strong>Sun Sea P\u00e9tanque<\/strong> (Statut<strong> SARL)<\/strong>\u00a0dont le si\u00e8ge social est \u00e0 55000 \u2013Bar Le Duc- 2 Rue de Couchot Les Terrasses de Couchot, immatricul\u00e9e au registre du commerce et des soci\u00e9t\u00e9s sous le num\u00e9ro 508\u00a0785 094 R.C.S. de Bar Le Duc ci-apr\u00e8s d\u00e9nomm\u00e9e \u00abSun Sea P\u00e9tanque\u00bb et d\u2019autre part, par toute personne physique ou morale souhaitant proc\u00e9der \u00e0 un achat via le site Internet de \u00ab\u00a0<strong>SUN SEA PETANQUE<\/strong>\u00a0\u00bb d\u00e9nomm\u00e9e ci-apr\u00e8s \u00ab l\u2019acheteur \u00bb.<\/p>\n<p><strong>OBJET<\/strong><\/p>\n<p>Les pr\u00e9sentes conditions de vente visent \u00e0 d\u00e9finir les relations contractuelles entre\u00a0<strong>Sun Sea P\u00e9tanque<\/strong>\u00a0et l\u2019acheteur et les conditions applicables \u00e0 tout achat effectu\u00e9 par le biais du site marchand de\u00a0<strong>SUN SEA PETANQUE <\/strong>,que l\u2019acheteur soit professionnel ou consommateur. L\u2019acquisition d\u2019un bien ou d\u2019un service \u00e0 travers le pr\u00e9sent site implique une acceptation sans r\u00e9serve par l\u2019acheteur des pr\u00e9sentes conditions de vente.<\/p>\n<p>Ces conditions de vente pr\u00e9vaudront sur toutes autres conditions g\u00e9n\u00e9rales ou particuli\u00e8res non express\u00e9ment agr\u00e9\u00e9es par\u00a0<strong>Sun sea P\u00e9tanque <\/strong>se r\u00e9serve de pouvoir modifier ses conditions de vente \u00e0 tout moment. Dans ce cas, les conditions applicables seront celles en vigueur \u00e0 la date de la commande par l\u2019acheteur.<\/p>\n<p><strong>CARACTERISTIQUES DES BIENS ET SERVICES PROPOSES<\/strong><\/p>\n<p>Les produits et services offerts sont ceux qui figurent dans le catalogue publi\u00e9 dans le site <strong>SUN SEA PETANQUE.<\/strong>\u00a0Ces produits et services sont offerts dans la limite des stocks disponibles. Chaque produit est accompagn\u00e9 d\u2019un descriptif \u00e9tabli par le fournisseur.<\/p>\n<p><strong>TARIFS<\/strong><\/p>\n<p>Les prix figurant dans le catalogue sont des prix TTC en euros tenant compte de la TVA applicable au jour de la commande; tout changement du taux pourra \u00eatre r\u00e9percut\u00e9 sur le prix des produits ou des services.\u00a0<strong>Sun sea P\u00e9tanque<\/strong>\u00a0se r\u00e9serve de modifier ses prix \u00e0 tout moment, \u00e9tant toutefois entendu que le prix figurant au catalogue le jour de la commande sera le seul applicable \u00e0 l\u2019acheteur. Les prix indiqu\u00e9s comprennent les frais de r\u00e9servations et taxes de s\u00e9jour. Les frais de transport de votre domicile \u00e0 Salou en Espagne (lieu du s\u00e9jour) restent \u00e0 votre charge.<\/p>\n<p><strong>AIRE GEOGRAPHIQUE<\/strong><\/p>\n<p>La vente en ligne des produits et prestations propos\u00e9es est ouverte \u00e0 tous les acheteurs de tous les pays.<\/p>\n<p><strong>COMMANDE<\/strong><\/p>\n<p>L\u2019acheteur, qui souhaite acheter un produit ou un service doit obligatoirement :<\/p>\n<p>\u2013 remplir la fiche d\u2019identification sur laquelle il indiquera toutes les coordonn\u00e9es demand\u00e9es<\/p>\n<p>\u2013 remplir le bon de commande en ligne en donnant toutes les r\u00e9f\u00e9rences des produits ou services choisis.<\/p>\n<p>\u2013 valider sa commande apr\u00e8s l\u2019avoir v\u00e9rifi\u00e9<\/p>\n<p>\u2013 effectuer le paiement dans les conditions pr\u00e9vues.<\/p>\n<p>\u2013 La validation de la commande et son paiement entra\u00eene acceptation des pr\u00e9sentes conditions de vente, la reconnaissance d\u2019en avoir parfaite connaissance et la renonciation \u00e0 se pr\u00e9valoir de ses propres conditions d\u2019achat ou d\u2019autres conditions. L\u2019ensemble des donn\u00e9es fournies et la validation enregistr\u00e9e vaudront preuve de la transaction. Le vendeur communiquera par courrier \u00e9lectronique\u00a0 confirmation de la commande enregistr\u00e9e. .<br \/>\n&#8211; Les commandes doivent \u00eatre pass\u00e9es via un ordinateur, une tablette ou un smartphone .<\/p>\n<p><strong>MODE DE PAIEMENT<\/strong><\/p>\n<p>Par ch\u00e8que \u2013 par mandat postal \u2013 par virement bancaire (nous interroger)<\/p>\n<p><strong>MODALITES DE PAIEMENT<\/strong><\/p>\n<p>Versement \u00e0 l\u2019inscription d\u2019un acompte de 50 % du montant total de la facture<\/p>\n<p>Versement du solde avant le 10 Septembre 2015<\/p>\n<p><strong>RETRACTATION<\/strong><\/p>\n<p>Les acheteurs, personnes physiques non professionnelles, b\u00e9n\u00e9ficient d\u2019un d\u00e9lai de r\u00e9tractation de trente jours \u00e0 compter de la r\u00e9servation du s\u00e9jour et de la commande des produits.<\/p>\n<p><strong>ANNULATION DES SEJOURS<\/strong><\/p>\n<p>Possibilit\u00e9s d\u2019annulation des s\u00e9jours dans les cas suivants\u00a0:<\/p>\n<p>-d\u00e9c\u00e8s d\u2019un proche<\/p>\n<p>-hospitalisation<\/p>\n<p>-dans les deux cas produire un justificatif<\/p>\n<p>-vous pouvez \u00e9galement demander le report du s\u00e9jour pour l\u2019ann\u00e9e suivante en octobre sous forme d\u2019avoir<\/p>\n<p>-vous faire remplacer par une autre personne<\/p>\n<p><strong>REMBOURSEMENT DES SEJOURS<\/strong><\/p>\n<p>Le remboursement se fera dans les conditions reprises ci-dessus par ch\u00e8que, d\u00e9duction faite des frais de dossier pour annulation du s\u00e9jour de 50 euros<\/p>\n<p><strong>RESPONSABILITES<\/strong><\/p>\n<p><strong>\u00a0\u00a0\u00a0\u00a0 \u00a0<\/strong>Le vendeur dans le processus de vente en ligne, n\u2019est tenu que par une obligation de moyens, sa responsabilit\u00e9 ne pourra \u00eatre engag\u00e9e pour un dommage r\u00e9sultant de l\u2019utilisation du r\u00e9seau Internet tel que<\/p>\n<p>perte de donn\u00e9es, intrusion, virus, rupture du service, ou autres probl\u00e8mes involontaires. Propri\u00e9t\u00e9 intellectuelle Tous les \u00e9l\u00e9ments du site de SUN SEA PETANQUE\u00a0 sont et restent la propri\u00e9t\u00e9 intellectuelle et exclusive de <strong>Sun Sea P\u00e9tanque <\/strong><\/p>\n<p>Personne n\u2019est autoris\u00e9 \u00e0 reproduire, exploiter, rediffuser, ou utiliser \u00e0 quelque titre que ce soit, m\u00eame partiellement, des \u00e9l\u00e9ments du site qu\u2019ils soient logiciels, visuels ou sonores. Tout lien simple ou par hypertexte est strictement interdit sans un accord \u00e9crit expr\u00e8s de\u00a0<strong>Sun Sea P\u00e9tanque<\/strong><\/p>\n<p><strong>REGLEMENT DES LITIGES<\/strong><\/p>\n<p>Les pr\u00e9sentes conditions de vente en ligne sont soumises \u00e0 la loi fran\u00e7aise. En cas de litige, comp\u00e9tence est attribu\u00e9e aux tribunaux<\/p>\n","protected":false},"excerpt":{"rendered":"<p>Les pr\u00e9sentes conditions de vente sont conclues d\u2019une part par la soci\u00e9t\u00e9\u00a0Sun Sea P\u00e9tanque (Statut SARL)\u00a0dont le si\u00e8ge social est \u00e0 55000 \u2013Bar Le Duc- 2 Rue de Couchot Les Terrasses de Couchot, immatricul\u00e9e au registre du commerce et des soci\u00e9t\u00e9s sous le num\u00e9ro 508\u00a0785 094 R.C.S. de Bar Le Duc ci-apr\u00e8s d\u00e9nomm\u00e9e \u00abSun Sea [&hellip;]<\/p>\n","protected":false},"author":1,"featured_media":0,"parent":0,"menu_order":0,"comment_status":"closed","ping_status":"open","template":"","meta":{"footnotes":""},"class_list":["post-1140","page","type-page","status-publish","hentry"],"_links":{"self":[{"href":"https:\/\/sunseapetanque.com\/index.php?rest_route=\/wp\/v2\/pages\/1140","targetHints":{"allow":["GET"]}}],"collection":[{"href":"https:\/\/sunseapetanque.com\/index.php?rest_route=\/wp\/v2\/pages"}],"about":[{"href":"https:\/\/sunseapetanque.com\/index.php?rest_route=\/wp\/v2\/types\/page"}],"author":[{"embeddable":true,"href":"https:\/\/sunseapetanque.com\/index.php?rest_route=\/wp\/v2\/users\/1"}],"replies":[{"embeddable":true,"href":"https:\/\/sunseapetanque.com\/index.php?rest_route=%2Fwp%2Fv2%2Fcomments&post=1140"}],"version-history":[{"count":2,"href":"https:\/\/sunseapetanque.com\/index.php?rest_route=\/wp\/v2\/pages\/1140\/revisions"}],"predecessor-version":[{"id":1142,"href":"https:\/\/sunseapetanque.com\/index.php?rest_route=\/wp\/v2\/pages\/1140\/revisions\/1142"}],"wp:attachment":[{"href":"https:\/\/sunseapetanque.com\/index.php?rest_route=%2Fwp%2Fv2%2Fmedia&parent=1140"}],"curies":[{"name":"wp","href":"https:\/\/api.w.org\/{rel}","templated":true}]}}