{"id":234,"date":"2015-01-29T14:19:56","date_gmt":"2015-01-29T14:19:56","guid":{"rendered":"http:\/\/sunseapetanque.com\/?page_id=234"},"modified":"2015-02-05T22:23:19","modified_gmt":"2015-02-05T22:23:19","slug":"barcelone","status":"publish","type":"page","link":"https:\/\/sunseapetanque.com\/?page_id=234","title":{"rendered":"BARCELONE"},"content":{"rendered":"<p><span style=\"color: #3366ff;\"><strong>D\u00c9COUVREZ EN 1 JOUR LA CAPITALE DE LA CATALOGNE !<\/strong><\/span><\/p>\n<p><span style=\"color: #808080;\">Voici quelques suggestions de visites<\/span><\/p>\n<p>&nbsp;<\/p>\n<p><a href=\"https:\/\/sunseapetanque.com\/wp-content\/uploads\/2015\/01\/Ramblas.jpg\" data-rel=\"lightbox-image-0\" data-rl_title=\"\" data-rl_caption=\"\" title=\"\"><img loading=\"lazy\" decoding=\"async\" class=\"  wp-image-439 alignright\" src=\"https:\/\/sunseapetanque.com\/wp-content\/uploads\/2015\/01\/Ramblas.jpg\" alt=\"Ramblas\" width=\"206\" height=\"154\" srcset=\"https:\/\/sunseapetanque.com\/wp-content\/uploads\/2015\/01\/Ramblas.jpg 500w, https:\/\/sunseapetanque.com\/wp-content\/uploads\/2015\/01\/Ramblas-300x225.jpg 300w\" sizes=\"auto, (max-width: 206px) 100vw, 206px\" \/><\/a><span style=\"color: #808080;\"><strong>1. La Rambla :\u00a0\u00a0<\/strong><\/span><\/p>\n<p><span style=\"color: #808080;\">Avenue embl\u00e9matique de Barcelone qui relie la Place de Catalogne, centre n\u00e9vralgique de la ville, au vieux port o\u00f9 se dresse la colonne de Christophe Colomb.<\/span><\/p>\n<p><span style=\"color: #808080;\">Vous y trouverez tous les commerces pour faire votre shopping !<\/span><\/p>\n<p>&nbsp;<\/p>\n<p>&nbsp;<\/p>\n<p><span style=\"color: #808080;\"><strong>2. Le march\u00e9 de la Boqueria :\u00a0 <\/strong><\/span><span style=\"color: #808080;\"><strong><a href=\"https:\/\/sunseapetanque.com\/wp-content\/uploads\/2015\/01\/boque\u0301ria.jpg\" data-rel=\"lightbox-image-1\" data-rl_title=\"\" data-rl_caption=\"\" title=\"\"><img loading=\"lazy\" decoding=\"async\" class=\"  wp-image-440 alignright\" src=\"https:\/\/sunseapetanque.com\/wp-content\/uploads\/2015\/01\/boque\u0301ria.jpg\" alt=\"boque\u0301ria\" width=\"202\" height=\"171\" \/><\/a><\/strong><\/span><\/p>\n<p><span style=\"color: #808080;\">Vous y prendrez sans doute vos plus belles photos. <\/span><\/p>\n<p><span style=\"color: #808080;\">Profitez-en pour vo<\/span><span style=\"color: #808080;\">us restaurer dans un de ces petits restaurants typiques.<\/span><\/p>\n<p>&nbsp;<\/p>\n<p>&nbsp;<\/p>\n<p>&nbsp;<\/p>\n<p><span style=\"color: #808080;\"><strong>3.<\/strong> <strong>L&rsquo;aquarium :<a href=\"https:\/\/sunseapetanque.com\/wp-content\/uploads\/2015\/01\/aquarium-barcelona.jpg\" data-rel=\"lightbox-image-2\" data-rl_title=\"\" data-rl_caption=\"\" title=\"\"><img loading=\"lazy\" decoding=\"async\" class=\"  wp-image-441 alignright\" src=\"https:\/\/sunseapetanque.com\/wp-content\/uploads\/2015\/01\/aquarium-barcelona.jpg\" alt=\"aquarium-barcelona\" width=\"211\" height=\"158\" srcset=\"https:\/\/sunseapetanque.com\/wp-content\/uploads\/2015\/01\/aquarium-barcelona.jpg 500w, https:\/\/sunseapetanque.com\/wp-content\/uploads\/2015\/01\/aquarium-barcelona-300x225.jpg 300w\" sizes=\"auto, (max-width: 211px) 100vw, 211px\" \/><\/a><\/strong><\/span><\/p>\n<p><span style=\"color: #808080;\">entr\u00e9e 16,50 \u20ac par adulte . <\/span><\/p>\n<p><span style=\"color: #808080;\">La structure poss\u00e8de en tout 35 aquariums ainsi qu&rsquo;un tunnel subaquatique de 80 m\u00e8tres sous lequel une centaine de personnes peuvent circuler en m\u00eame temps.<\/span><\/p>\n<p>&nbsp;<\/p>\n<p>&nbsp;<\/p>\n<p><strong><span style=\"color: #808080;\">4. Le Parc Gu\u00ebll\u00a0 <a href=\"https:\/\/sunseapetanque.com\/wp-content\/uploads\/2015\/01\/parc-guell.jpg\" data-rel=\"lightbox-image-3\" data-rl_title=\"\" data-rl_caption=\"\" title=\"\"><img loading=\"lazy\" decoding=\"async\" class=\"  wp-image-442 alignright\" src=\"https:\/\/sunseapetanque.com\/wp-content\/uploads\/2015\/01\/parc-guell.jpg\" alt=\"parc-guell\" width=\"236\" height=\"133\" srcset=\"https:\/\/sunseapetanque.com\/wp-content\/uploads\/2015\/01\/parc-guell.jpg 1920w, https:\/\/sunseapetanque.com\/wp-content\/uploads\/2015\/01\/parc-guell-300x169.jpg 300w, https:\/\/sunseapetanque.com\/wp-content\/uploads\/2015\/01\/parc-guell-1024x576.jpg 1024w, https:\/\/sunseapetanque.com\/wp-content\/uploads\/2015\/01\/parc-guell-624x351.jpg 624w\" sizes=\"auto, (max-width: 236px) 100vw, 236px\" \/><\/a><\/span><\/strong><\/p>\n<p><span style=\"color: #808080;\">entr\u00e9e gratuite<\/span><\/p>\n<p><span style=\"color: #808080;\">Il est l&rsquo;une des r\u00e9alisations de l&rsquo;architecte catalan <\/span><\/p>\n<p><span style=\"color: #808080;\">Antoni Gaud\u00ed \u00e0 Barcelone qui figure sur la liste du<\/span><\/p>\n<p><span style=\"color: #808080;\">patrimoine mondial de l&rsquo;UNESCO.<\/span><\/p>\n<p>&nbsp;<\/p>\n<p style=\"text-align: left;\"><span style=\"color: #808080;\">5. <strong>La Sagrada Familia <a href=\"https:\/\/sunseapetanque.com\/wp-content\/uploads\/2015\/01\/sagrada-familia.sq_-e1422559006669.jpg\" data-rel=\"lightbox-image-4\" data-rl_title=\"\" data-rl_caption=\"\" title=\"\"><img loading=\"lazy\" decoding=\"async\" class=\"  wp-image-293 alignright\" src=\"https:\/\/sunseapetanque.com\/wp-content\/uploads\/2015\/01\/sagrada-familia.sq_-e1422559006669.jpg\" alt=\"sagrada-familia.sq\" width=\"192\" height=\"179\" srcset=\"https:\/\/sunseapetanque.com\/wp-content\/uploads\/2015\/01\/sagrada-familia.sq_-e1422559006669.jpg 500w, https:\/\/sunseapetanque.com\/wp-content\/uploads\/2015\/01\/sagrada-familia.sq_-e1422559006669-300x280.jpg 300w\" sizes=\"auto, (max-width: 192px) 100vw, 192px\" \/><\/a><\/strong><\/span><\/p>\n<p><span style=\"color: #808080;\">entr\u00e9e 14,80 \u20ac par adulte<\/span><\/p>\n<p><span style=\"color: #808080;\">\u0152uvre inachev\u00e9e de l\u2019architecte catalan Antoni Gaud\u00ed,<\/span><\/p>\n<p><span style=\"color: #808080;\"> c&rsquo;est un monument embl\u00e9matique de la ville.<br \/>\n<\/span><\/p>\n","protected":false},"excerpt":{"rendered":"<p>D\u00c9COUVREZ EN 1 JOUR LA CAPITALE DE LA CATALOGNE ! Voici quelques suggestions de visites &nbsp; 1. La Rambla :\u00a0\u00a0 Avenue embl\u00e9matique de Barcelone qui relie la Place de Catalogne, centre n\u00e9vralgique de la ville, au vieux port o\u00f9 se dresse la colonne de Christophe Colomb. Vous y trouverez tous les commerces pour faire votre [&hellip;]<\/p>\n","protected":false},"author":1,"featured_media":0,"parent":0,"menu_order":0,"comment_status":"closed","ping_status":"open","template":"","meta":{"footnotes":""},"class_list":["post-234","page","type-page","status-publish","hentry"],"_links":{"self":[{"href":"https:\/\/sunseapetanque.com\/index.php?rest_route=\/wp\/v2\/pages\/234","targetHints":{"allow":["GET"]}}],"collection":[{"href":"https:\/\/sunseapetanque.com\/index.php?rest_route=\/wp\/v2\/pages"}],"about":[{"href":"https:\/\/sunseapetanque.com\/index.php?rest_route=\/wp\/v2\/types\/page"}],"author":[{"embeddable":true,"href":"https:\/\/sunseapetanque.com\/index.php?rest_route=\/wp\/v2\/users\/1"}],"replies":[{"embeddable":true,"href":"https:\/\/sunseapetanque.com\/index.php?rest_route=%2Fwp%2Fv2%2Fcomments&post=234"}],"version-history":[{"count":8,"href":"https:\/\/sunseapetanque.com\/index.php?rest_route=\/wp\/v2\/pages\/234\/revisions"}],"predecessor-version":[{"id":586,"href":"https:\/\/sunseapetanque.com\/index.php?rest_route=\/wp\/v2\/pages\/234\/revisions\/586"}],"wp:attachment":[{"href":"https:\/\/sunseapetanque.com\/index.php?rest_route=%2Fwp%2Fv2%2Fmedia&parent=234"}],"curies":[{"name":"wp","href":"https:\/\/api.w.org\/{rel}","templated":true}]}}