{"id":2444,"date":"2020-02-23T19:40:29","date_gmt":"2020-02-23T18:40:29","guid":{"rendered":"http:\/\/sunseapetanque.com\/?page_id=2444"},"modified":"2021-11-13T12:28:16","modified_gmt":"2021-11-13T11:28:16","slug":"dotations-2020","status":"publish","type":"page","link":"https:\/\/sunseapetanque.com\/?page_id=2444","title":{"rendered":"DOTATIONS 2022"},"content":{"rendered":"\n<p class=\"has-background has-pale-cyan-blue-background-color\"><strong>CONCOURS INTERNATIONAL TRIPLETTES HOMME<\/strong><\/p>\n\n\n\n<p><strong>Salou les 7 et 8 mai 2022<\/strong><\/p>\n\n\n\n<p>Dotation globale <strong>7200 \u20ac<\/strong><\/p>\n\n\n\n<p>Sur la base de 48 Triplettes<\/p>\n\n\n\n<p><strong>Inscription aux concours : 50 \u20ac par personne<\/strong><\/p>\n\n\n\n<p>Dotation globale : 7200 \u20ac<\/p>\n\n\n\n<p><strong>Concours principal<\/strong> \u00a0\u00a0Concours compl\u00e9mentaire\u00a0 \u00a0 \u00a0 \u00a0 <strong>Concours consolante<\/strong>\u00a0\u00a0 \u00a0 \u00a0 \u00a0 \u00a0 \u00a0<\/p>\n\n\n\n<p> 1) 1500 \u20ac\u00a0 \u00a0 \u00a0 \u00a0 \u00a0 \u00a0 \u00a0 \u00a0 \u00a0 \u00a0 \u00a0 \u00a0 \u00a0 \u00a0 \u00a0 \u00a0 \u00a0 \u00a0 1) 750 \u20ac\u00a0 \u00a0 \u00a0 \u00a0 \u00a0 \u00a0 \u00a0 \u00a0 \u00a0 \u00a0 \u00a0 \u00a0 \u00a0 \u00a0 \u00a0 \u00a0 \u00a0 \u00a0 \u00a0 \u00a01) 300 \u20ac<\/p>\n\n\n\n<p> 2) 990 \u20ac\u00a0 \u00a0 \u00a0 \u00a0 \u00a0 \u00a0 \u00a0 \u00a0 \u00a0 \u00a0 \u00a0 \u00a0 \u00a0 \u00a0 \u00a0 \u00a0 \u00a0 \u00a0 \u00a0 \u00a02) 450 \u20ac\u00a0 \u00a0 \u00a0 \u00a0 \u00a0 \u00a0 \u00a0 \u00a0 \u00a0 \u00a0 \u00a0 \u00a0 \u00a0 \u00a0 \u00a0 \u00a0 \u00a0 \u00a0 \u00a0 2) 210 \u20ac<\/p>\n\n\n\n<p> 3) et 4) 450 \u20ac\u00a0 \u00a0 \u00a0 \u00a0 \u00a0 \u00a0 \u00a0 \u00a0 \u00a0 \u00a0 \u00a0 \u00a0 \u00a0 \u00a0   3) et 4) 225 \u20ac\u00a0 \u00a0 \u00a0 \u00a0 \u00a0 \u00a0 \u00a0 \u00a0 \u00a0 \u00a0 \u00a0 \u00a0 \u00a0 \u00a0 3) et 4) 105 \u20ac<\/p>\n\n\n\n<p>5) \u00e0 8) 225 \u20ac \u00a0 \u00a0 \u00a0 \u00a0 \u00a0 \u00a0 \u00a0 \u00a0                5) \u00e0 8) 135 \u20ac\u00a0  <\/p>\n\n\n\n<p><\/p>\n\n\n\n<p><\/p>\n\n\n\n<p class=\"has-background has-pale-cyan-blue-background-color\"><strong>CONCOURS INTERNATIONAL TRIPLETTES FEMME<\/strong><\/p>\n\n\n\n<p><strong>Salou les 7 et 8 mai 2022 <\/strong><\/p>\n\n\n\n<p>Sur la base de 16 Triplettes<\/p>\n\n\n\n<p><strong>Inscription aux concours : 30 \u20ac par personne<\/strong><\/p>\n\n\n\n<p>Dotation globale : <strong>1800 \u20ac<\/strong><\/p>\n\n\n\n<p><strong>Concours principal<\/strong>\u00a0\u00a0\u00a0Concours compl\u00e9mentaire\u00a0 \u00a0 \u00a0 \u00a0 \u00a0<strong>C<\/strong><\/p>\n\n\n\n<p>           1)540 \u20ac\u00a0 \u00a0 \u00a0 \u00a0 \u00a0 \u00a0 \u00a0 \u00a0 \u00a0 \u00a0 \u00a0 \u00a0 \u00a0 \u00a0 1) 270 \u20ac\u00a0 \u00a0 \u00a0 \u00a0 \u00a0 \u00a0 \u00a0 \u00a0 \u00a0 \u00a0 \u00a0 \u00a0 \u00a0 \u00a0 \u00a0 \u00a0 \u00a0 \u00a0 \u00a0 \u00a0 \u00a0 <\/p>\n\n\n\n<p>  \u00a0 \u00a0 \u00a0 \u00a0 \u00a0 2) 300 \u20ac\u00a0 \u00a0 \u00a0 \u00a0 \u00a0 \u00a0 \u00a0 \u00a0 \u00a0 \u00a0 \u00a0 \u00a0 \u00a0 \u00a0 2) 150 \u20ac\u00a0 \u00a0 \u00a0 \u00a0 \u00a0 \u00a0 \u00a0 \u00a0 \u00a0 \u00a0 \u00a0 \u00a0 \u00a0 \u00a0 \u00a0 \u00a0 \u00a0 \u00a0 \u00a0 \u00a0  <\/p>\n\n\n\n<p>  \u00a0 \u00a0 \u00a0 \u00a0 \u00a0 3) et 4) 180 \u20ac\u00a0 \u00a0 \u00a0 \u00a0 \u00a0 \u00a0 \u00a0 \u00a0 \u00a0 \u00a03) et 4) 90 \u20ac\u00a0 \u00a0 \u00a0 \u00a0 \u00a0 \u00a0 \u00a0 \u00a0 \u00a0 \u00a0 \u00a0 \u00a0 \u00a0 \u00a0 \u00a0 <\/p>\n\n\n\n<p><\/p>\n\n\n\n<p><\/p>\n\n\n\n<p><br><\/p>\n\n\n\n<p class=\"has-background has-pale-cyan-blue-background-color\"><strong>CONCOURS INTERNATIONAL TRIPLETTES + de 50 ans<\/strong><\/p>\n\n\n\n<p>hommes et femmes dans le m\u00eame concours<\/p>\n\n\n\n<p><strong>Salou du 10 au 12 mai  2022<\/strong><\/p>\n\n\n\n<p><strong> <\/strong>dotation globale :<strong> 4300 \u20ac <\/strong><\/p>\n\n\n\n<p>sur la base de 32 triplettes<\/p>\n\n\n\n<p><strong>Inscription au concours par personne : 40 \u20ac <\/strong><\/p>\n\n\n\n<p><strong>Concours principal<\/strong>\u00a0\u00a0\u00a0Concours compl\u00e9mentaire\u00a0 \u00a0 \u00a0 \u00a0 \u00a0<strong>Concours consolante<\/strong><\/p>\n\n\n\n<p>           1)1200 \u20ac\u00a0 \u00a0 \u00a0 \u00a0 \u00a0 \u00a0 \u00a0 \u00a0 \u00a0 \u00a0 \u00a0 \u00a0 \u00a0 \u00a0 \u00a0 \u00a0 \u00a0 1) 600 \u20ac\u00a0 \u00a0 \u00a0 \u00a0 \u00a0 \u00a0 \u00a0 \u00a0 \u00a0 \u00a0 \u00a0 \u00a0 \u00a0 \u00a0 \u00a0 \u00a0 \u00a0 \u00a0 \u00a0 1) 210 \u20ac <\/p>\n\n\n\n<p>  \u00a0 \u00a0 \u00a0 \u00a0 \u00a02) 600 \u20ac\u00a0 \u00a0 \u00a0 \u00a0 \u00a0 \u00a0 \u00a0 \u00a0 \u00a0 \u00a0 \u00a0 \u00a0 \u00a0 \u00a0 \u00a0 \u00a0 \u00a0 2) 300 \u20ac\u00a0 \u00a0 \u00a0 \u00a0 \u00a0 \u00a0 \u00a0 \u00a0 \u00a0 \u00a0 \u00a0 \u00a0 \u00a0 \u00a0 \u00a0 \u00a0 \u00a0 \u00a0 \u00a0   2) 150 \u20ac<\/p>\n\n\n\n<p>  \u00a0 \u00a0     3) et 4) 300 \u20ac\u00a0 \u00a0 \u00a0 \u00a0 \u00a0 \u00a0 \u00a0 \u00a0 \u00a0 \u00a0 \u00a0 \u00a0 \u00a0 3) et 4) 150 \u20ac\u00a0 \u00a0 \u00a0 \u00a0 \u00a0 \u00a0 \u00a0 \u00a0 \u00a0 \u00a0 \u00a0 \u00a0 \u00a0      3) et 4) 60 \u20ac<\/p>\n\n\n\n<p>  \u00a0 \u00a0 5) et 8) lot de consolation\u00a0 \u00a0 \u00a0 \u00a0 5) et 8) lot de consolation<\/p>\n\n\n\n<p><\/p>\n\n\n\n<p><\/p>\n\n\n\n<p class=\"has-background has-pale-cyan-blue-background-color\"><strong>CONCOURS INTERNATIONAL DOUBLETTES TOUTES CAT\u00c9GORIES<\/strong><\/p>\n\n\n\n<p><\/p>\n\n\n\n<p><strong>Salou le 9 Mai 2022<\/strong><\/p>\n\n\n\n<p>Dotation globale :<strong> 2240 \u20ac<\/strong><\/p>\n\n\n\n<p>Sur la base de 32 \u00e9quipes<\/p>\n\n\n\n<p><strong>Inscription au concours : 35 \u20ac \/ personne <\/strong><\/p>\n\n\n\n<p><strong>Concours principal<\/strong> \u00a0\u00a0            Concours compl\u00e9mentaire\u00a0 \u00a0 \u00a0 \u00a0  <\/p>\n\n\n\n<p>           1)600 \u20ac\u00a0 \u00a0 \u00a0 \u00a0 \u00a0 \u00a0 \u00a0 \u00a0 \u00a0 \u00a0 \u00a0 \u00a0 \u00a0 \u00a0 \u00a0 \u00a0 \u00a0         1) 300 \u20ac\u00a0 \u00a0 \u00a0 \u00a0 \u00a0 \u00a0 \u00a0 \u00a0 \u00a0 \u00a0 \u00a0 \u00a0 \u00a0 \u00a0 \u00a0 \u00a0 \u00a0 \u00a0 \u00a0 <\/p>\n\n\n\n<p>  \u00a0 \u00a0 \u00a0 \u00a0 \u00a02) 300 \u20ac\u00a0 \u00a0 \u00a0 \u00a0 \u00a0 \u00a0 \u00a0 \u00a0 \u00a0 \u00a0 \u00a0 \u00a0 \u00a0 \u00a0 \u00a0 \u00a0 \u00a0         2) 180 \u20ac\u00a0 \u00a0 \u00a0 \u00a0 \u00a0 \u00a0 \u00a0 \u00a0 \u00a0 \u00a0 \u00a0 \u00a0 \u00a0 \u00a0 \u00a0 \u00a0 \u00a0 \u00a0  <\/p>\n\n\n\n<p>  \u00a0 \u00a0      3) et 4) 150 \u20ac\u00a0 \u00a0 \u00a0 \u00a0 \u00a0 \u00a0 \u00a0 \u00a0 \u00a0 \u00a0 \u00a0 \u00a0 \u00a0 \u00a0 \u00a0 \u00a0 3) et 4) 100 \u20ac\u00a0 \u00a0 \u00a0 \u00a0 \u00a0 \u00a0 \u00a0 \u00a0 \u00a0 \u00a0 \u00a0 \u00a0  <\/p>\n\n\n\n<p>  \u00a0 \u00a0      5) et 8) 60 \u20ac\u00a0 \u00a0 \u00a0 \u00a0 \u00a0 \u00a0 \u00a0 \u00a0 \u00a0 \u00a0 \u00a0 \u00a0 \u00a0 \u00a0        5) et 8) lot de consolation<\/p>\n\n\n\n<p><strong><em>La Soci\u00e9t\u00e9 SUN SEA PETANQUE organisatrice des concours, se r\u00e9serve le droit de modifier les dotations dans la mesure ou le nombre d\u2019\u00e9quipes inscrites est inf\u00e9rieur \u00e0 la base du nombre d\u2019\u00e9quipes pr\u00e9vues dans chaque concours.<\/em>&nbsp;<\/strong><br><\/p>\n","protected":false},"excerpt":{"rendered":"<p>CONCOURS INTERNATIONAL TRIPLETTES HOMME Salou les 7 et 8 mai 2022 Dotation globale 7200 \u20ac Sur la base de 48 Triplettes Inscription aux concours : 50 \u20ac par personne Dotation globale : 7200 \u20ac Concours principal \u00a0\u00a0Concours compl\u00e9mentaire\u00a0 \u00a0 \u00a0 \u00a0 Concours consolante\u00a0\u00a0 \u00a0 \u00a0 \u00a0 \u00a0 \u00a0 1) 1500 \u20ac\u00a0 \u00a0 \u00a0 \u00a0 \u00a0 [&hellip;]<\/p>\n","protected":false},"author":1,"featured_media":0,"parent":0,"menu_order":0,"comment_status":"closed","ping_status":"closed","template":"","meta":{"footnotes":""},"class_list":["post-2444","page","type-page","status-publish","hentry"],"_links":{"self":[{"href":"https:\/\/sunseapetanque.com\/index.php?rest_route=\/wp\/v2\/pages\/2444","targetHints":{"allow":["GET"]}}],"collection":[{"href":"https:\/\/sunseapetanque.com\/index.php?rest_route=\/wp\/v2\/pages"}],"about":[{"href":"https:\/\/sunseapetanque.com\/index.php?rest_route=\/wp\/v2\/types\/page"}],"author":[{"embeddable":true,"href":"https:\/\/sunseapetanque.com\/index.php?rest_route=\/wp\/v2\/users\/1"}],"replies":[{"embeddable":true,"href":"https:\/\/sunseapetanque.com\/index.php?rest_route=%2Fwp%2Fv2%2Fcomments&post=2444"}],"version-history":[{"count":8,"href":"https:\/\/sunseapetanque.com\/index.php?rest_route=\/wp\/v2\/pages\/2444\/revisions"}],"predecessor-version":[{"id":2513,"href":"https:\/\/sunseapetanque.com\/index.php?rest_route=\/wp\/v2\/pages\/2444\/revisions\/2513"}],"wp:attachment":[{"href":"https:\/\/sunseapetanque.com\/index.php?rest_route=%2Fwp%2Fv2%2Fmedia&parent=2444"}],"curies":[{"name":"wp","href":"https:\/\/api.w.org\/{rel}","templated":true}]}}